{"id":607,"date":"2016-09-13T15:08:23","date_gmt":"2016-09-13T19:08:23","guid":{"rendered":"http:\/\/simon.wps.dev\/fr\/lenders-associates\/"},"modified":"2025-05-13T09:55:08","modified_gmt":"2025-05-13T13:55:08","slug":"lenders-associates","status":"publish","type":"page","link":"https:\/\/trevornyers.ca\/fr\/about\/lenders-associates\/","title":{"rendered":"Pr\u00eateurs et Partenaires"},"content":{"rendered":"<blockquote>\n<h2><span data-sheets-root=\"1\">Nos Pr\u00eateurs et Partenaires Hypoth\u00e9caires<\/span><\/h2>\n<h3><span data-sheets-root=\"1\">Une Collaboration avec les Principaux Acteurs Financiers<\/span><\/h3>\n<p>Nous sommes fiers d\u2019affirmer que nous pensons offrir la meilleure valeur hypoth\u00e9caire du march\u00e9.<\/p><\/blockquote>\n<p><a href=\"http:\/\/productline.dominionlending.ca\/\" target=\"_blank\" rel=\"noopener\">Cliquez ici pour en savoir plus sur notre gamme exclusive de produits et pour visiter notre site d\u2019information.<\/a><\/p>\n<h2>Pr\u00eateurs<\/h2>\n<p>Les courtiers hypoth\u00e9caires et en cr\u00e9dits-bails des Centres hypoth\u00e9caires Dominion magasinent aupr\u00e8s de 15 banques, coop\u00e9ratives de cr\u00e9dit et soci\u00e9t\u00e9s fiduciaires afin de satisfaire \u00e0 vos besoins de financement. Nous rechercherons des centaines de produits afin de trouver la meilleure solution hypoth\u00e9caire et de cr\u00e9dit-bail, faite selon vos besoins.<\/p>\n","protected":false},"excerpt":{"rendered":"<p>Les Centres hypoth\u00e9caires Dominion ont travaill\u00e9 afin de cr\u00e9er une gamme de produits hypoth\u00e9caires internes qui satisfera la plupart des Canadiens.<\/p>\n","protected":false},"author":1,"featured_media":532,"parent":626,"menu_order":0,"comment_status":"closed","ping_status":"closed","template":"","meta":[],"yoast_head":"<!-- This site is optimized with the Yoast SEO plugin v17.1 - https:\/\/yoast.com\/wordpress\/plugins\/seo\/ -->\n<meta name=\"description\" content=\"&quot;D\u00e9couvrez les pr\u00eateurs et partenaires de Trevor Nyers \u00e0 North Bay. Acc\u00e8s \u00e0 une vaste gamme de produits hypoth\u00e9caires adapt\u00e9s \u00e0 vos besoins en Ontario.&quot;\" \/>\n<meta name=\"robots\" content=\"index, follow, max-snippet:-1, max-image-preview:large, max-video-preview:-1\" \/>\n<link rel=\"canonical\" href=\"https:\/\/trevornyers.ca\/fr\/about\/lenders-associates\/\" \/>\n<meta property=\"og:locale\" content=\"fr_FR\" \/>\n<meta property=\"og:type\" content=\"article\" \/>\n<meta property=\"og:title\" content=\"Partenaires Financiers | Hypoth\u00e8ques North Bay | T. Nyers\" \/>\n<meta property=\"og:description\" content=\"&quot;D\u00e9couvrez les pr\u00eateurs et partenaires de Trevor Nyers \u00e0 North Bay. Acc\u00e8s \u00e0 une vaste gamme de produits hypoth\u00e9caires adapt\u00e9s \u00e0 vos besoins en Ontario.&quot;\" \/>\n<meta property=\"og:url\" content=\"https:\/\/trevornyers.ca\/fr\/about\/lenders-associates\/\" \/>\n<meta property=\"og:site_name\" content=\"Centres Hypoth\u00e9caires Dominion\" \/>\n<meta property=\"article:modified_time\" content=\"2025-05-13T13:55:08+00:00\" \/>\n<meta property=\"og:image\" content=\"https:\/\/trevornyers.ca\/wp-content\/uploads\/2016\/09\/lenders_associates.jpg\" \/>\n\t<meta property=\"og:image:width\" content=\"1200\" \/>\n\t<meta property=\"og:image:height\" content=\"611\" \/>\n<meta name=\"twitter:card\" content=\"summary\" \/>\n<meta name=\"twitter:label1\" content=\"Dur\u00e9e de lecture est.\" \/>\n\t<meta name=\"twitter:data1\" content=\"1 minute\" \/>\n<script type=\"application\/ld+json\" class=\"yoast-schema-graph\">{\"@context\":\"https:\/\/schema.org\",\"@graph\":[{\"@type\":\"WebSite\",\"@id\":\"https:\/\/trevornyers.ca\/#website\",\"url\":\"https:\/\/trevornyers.ca\/\",\"name\":\"Centres Hypoth\\u00e9caires Dominion\",\"description\":\"Just another WordPress site\",\"potentialAction\":[{\"@type\":\"SearchAction\",\"target\":{\"@type\":\"EntryPoint\",\"urlTemplate\":\"https:\/\/trevornyers.ca\/?s={search_term_string}\"},\"query-input\":\"required name=search_term_string\"}],\"inLanguage\":\"fr-FR\"},{\"@type\":\"ImageObject\",\"@id\":\"https:\/\/trevornyers.ca\/fr\/about\/lenders-associates\/#primaryimage\",\"inLanguage\":\"fr-FR\",\"url\":\"https:\/\/trevornyers.ca\/wp-content\/uploads\/2016\/09\/lenders_associates.jpg\",\"contentUrl\":\"https:\/\/trevornyers.ca\/wp-content\/uploads\/2016\/09\/lenders_associates.jpg\",\"width\":1200,\"height\":611},{\"@type\":\"WebPage\",\"@id\":\"https:\/\/trevornyers.ca\/fr\/about\/lenders-associates\/#webpage\",\"url\":\"https:\/\/trevornyers.ca\/fr\/about\/lenders-associates\/\",\"name\":\"Partenaires Financiers | Hypoth\\u00e8ques North Bay | T. Nyers\",\"isPartOf\":{\"@id\":\"https:\/\/trevornyers.ca\/#website\"},\"primaryImageOfPage\":{\"@id\":\"https:\/\/trevornyers.ca\/fr\/about\/lenders-associates\/#primaryimage\"},\"datePublished\":\"2016-09-13T19:08:23+00:00\",\"dateModified\":\"2025-05-13T13:55:08+00:00\",\"description\":\"\\\"D\\u00e9couvrez les pr\\u00eateurs et partenaires de Trevor Nyers \\u00e0 North Bay. Acc\\u00e8s \\u00e0 une vaste gamme de produits hypoth\\u00e9caires adapt\\u00e9s \\u00e0 vos besoins en Ontario.\\\"\",\"breadcrumb\":{\"@id\":\"https:\/\/trevornyers.ca\/fr\/about\/lenders-associates\/#breadcrumb\"},\"inLanguage\":\"fr-FR\",\"potentialAction\":[{\"@type\":\"ReadAction\",\"target\":[\"https:\/\/trevornyers.ca\/fr\/about\/lenders-associates\/\"]}]},{\"@type\":\"BreadcrumbList\",\"@id\":\"https:\/\/trevornyers.ca\/fr\/about\/lenders-associates\/#breadcrumb\",\"itemListElement\":[{\"@type\":\"ListItem\",\"position\":1,\"name\":\"Home\",\"item\":\"https:\/\/trevornyers.ca\/fr\/\"},{\"@type\":\"ListItem\",\"position\":2,\"name\":\"Master About\",\"item\":\"https:\/\/trevornyers.ca\/fr\/about\/\"},{\"@type\":\"ListItem\",\"position\":3,\"name\":\"Pr\\u00eateurs et Partenaires\"}]}]}<\/script>\n<!-- \/ Yoast SEO plugin. -->","yoast_head_json":{"description":"\"D\u00e9couvrez les pr\u00eateurs et partenaires de Trevor Nyers \u00e0 North Bay. Acc\u00e8s \u00e0 une vaste gamme de produits hypoth\u00e9caires adapt\u00e9s \u00e0 vos besoins en Ontario.\"","robots":{"index":"index","follow":"follow","max-snippet":"max-snippet:-1","max-image-preview":"max-image-preview:large","max-video-preview":"max-video-preview:-1"},"canonical":"https:\/\/trevornyers.ca\/fr\/about\/lenders-associates\/","og_locale":"fr_FR","og_type":"article","og_title":"Partenaires Financiers | Hypoth\u00e8ques North Bay | T. Nyers","og_description":"\"D\u00e9couvrez les pr\u00eateurs et partenaires de Trevor Nyers \u00e0 North Bay. Acc\u00e8s \u00e0 une vaste gamme de produits hypoth\u00e9caires adapt\u00e9s \u00e0 vos besoins en Ontario.\"","og_url":"https:\/\/trevornyers.ca\/fr\/about\/lenders-associates\/","og_site_name":"Centres Hypoth\u00e9caires Dominion","article_modified_time":"2025-05-13T13:55:08+00:00","og_image":[{"width":1200,"height":611,"url":"https:\/\/trevornyers.ca\/wp-content\/uploads\/2016\/09\/lenders_associates.jpg","path":"\/var\/www\/sites\/wps\/sites\/code\/wp-content\/uploads\/2016\/09\/lenders_associates.jpg","size":"full","id":532,"alt":"","pixels":733200,"type":"image\/jpeg"}],"twitter_card":"summary","twitter_misc":{"Dur\u00e9e de lecture est.":"1 minute"},"schema":{"@context":"https:\/\/schema.org","@graph":[{"@type":"WebSite","@id":"https:\/\/trevornyers.ca\/#website","url":"https:\/\/trevornyers.ca\/","name":"Centres Hypoth\u00e9caires Dominion","description":"Just another WordPress site","potentialAction":[{"@type":"SearchAction","target":{"@type":"EntryPoint","urlTemplate":"https:\/\/trevornyers.ca\/?s={search_term_string}"},"query-input":"required name=search_term_string"}],"inLanguage":"fr-FR"},{"@type":"ImageObject","@id":"https:\/\/trevornyers.ca\/fr\/about\/lenders-associates\/#primaryimage","inLanguage":"fr-FR","url":"https:\/\/trevornyers.ca\/wp-content\/uploads\/2016\/09\/lenders_associates.jpg","contentUrl":"https:\/\/trevornyers.ca\/wp-content\/uploads\/2016\/09\/lenders_associates.jpg","width":1200,"height":611},{"@type":"WebPage","@id":"https:\/\/trevornyers.ca\/fr\/about\/lenders-associates\/#webpage","url":"https:\/\/trevornyers.ca\/fr\/about\/lenders-associates\/","name":"Partenaires Financiers | Hypoth\u00e8ques North Bay | T. Nyers","isPartOf":{"@id":"https:\/\/trevornyers.ca\/#website"},"primaryImageOfPage":{"@id":"https:\/\/trevornyers.ca\/fr\/about\/lenders-associates\/#primaryimage"},"datePublished":"2016-09-13T19:08:23+00:00","dateModified":"2025-05-13T13:55:08+00:00","description":"\"D\u00e9couvrez les pr\u00eateurs et partenaires de Trevor Nyers \u00e0 North Bay. Acc\u00e8s \u00e0 une vaste gamme de produits hypoth\u00e9caires adapt\u00e9s \u00e0 vos besoins en Ontario.\"","breadcrumb":{"@id":"https:\/\/trevornyers.ca\/fr\/about\/lenders-associates\/#breadcrumb"},"inLanguage":"fr-FR","potentialAction":[{"@type":"ReadAction","target":["https:\/\/trevornyers.ca\/fr\/about\/lenders-associates\/"]}]},{"@type":"BreadcrumbList","@id":"https:\/\/trevornyers.ca\/fr\/about\/lenders-associates\/#breadcrumb","itemListElement":[{"@type":"ListItem","position":1,"name":"Home","item":"https:\/\/trevornyers.ca\/fr\/"},{"@type":"ListItem","position":2,"name":"Master About","item":"https:\/\/trevornyers.ca\/fr\/about\/"},{"@type":"ListItem","position":3,"name":"Pr\u00eateurs et Partenaires"}]}]}},"_links":{"self":[{"href":"https:\/\/trevornyers.ca\/fr\/wp-json\/wp\/v2\/pages\/607"}],"collection":[{"href":"https:\/\/trevornyers.ca\/fr\/wp-json\/wp\/v2\/pages"}],"about":[{"href":"https:\/\/trevornyers.ca\/fr\/wp-json\/wp\/v2\/types\/page"}],"author":[{"embeddable":true,"href":"https:\/\/trevornyers.ca\/fr\/wp-json\/wp\/v2\/users\/1"}],"replies":[{"embeddable":true,"href":"https:\/\/trevornyers.ca\/fr\/wp-json\/wp\/v2\/comments?post=607"}],"version-history":[{"count":4,"href":"https:\/\/trevornyers.ca\/fr\/wp-json\/wp\/v2\/pages\/607\/revisions"}],"predecessor-version":[{"id":1352,"href":"https:\/\/trevornyers.ca\/fr\/wp-json\/wp\/v2\/pages\/607\/revisions\/1352"}],"up":[{"embeddable":true,"href":"https:\/\/trevornyers.ca\/fr\/wp-json\/wp\/v2\/pages\/626"}],"wp:featuredmedia":[{"embeddable":true,"href":"https:\/\/trevornyers.ca\/fr\/wp-json\/wp\/v2\/media\/532"}],"wp:attachment":[{"href":"https:\/\/trevornyers.ca\/fr\/wp-json\/wp\/v2\/media?parent=607"}],"curies":[{"name":"wp","href":"https:\/\/api.w.org\/{rel}","templated":true}]}}