{"id":613,"date":"2016-09-13T15:04:19","date_gmt":"2016-09-13T19:04:19","guid":{"rendered":"http:\/\/simon.wps.dev\/fr\/chip\/"},"modified":"2025-05-13T10:04:31","modified_gmt":"2025-05-13T14:04:31","slug":"chip","status":"publish","type":"page","link":"https:\/\/trevornyers.ca\/fr\/refinance\/chip\/","title":{"rendered":"CHIP"},"content":{"rendered":"<blockquote>\n<h2><span data-sheets-root=\"1\">Hypoth\u00e8que Invers\u00e9e CHIP pour les 55 ans et plus<\/span><\/h2>\n<h3><span data-sheets-root=\"1\">Lib\u00e9rez la Valeur de Votre Maison Sans Vendre ni D\u00e9m\u00e9nager<\/span><\/h3>\n<p>La Banque HomEquity a utilis\u00e9 les connaissances acquises au cours des 25 ann\u00e9es pass\u00e9es \u00e0 r\u00e9pondre aux besoins des a\u00edn\u00e9s canadiens pour cr\u00e9er l\u2019hypoth\u00e8que invers\u00e9e, la solution la plus flexible en mati\u00e8re d\u2019hypoth\u00e8que et qui est offerte partout.<\/p><\/blockquote>\n<p>Le programme CHIP a d\u00e9j\u00e0 aid\u00e9 des milliers de personnes \u00e0 la recherche d\u2019une fa\u00e7on simple et sens\u00e9e de profiter de la valeur nette accumul\u00e9e de leurs propri\u00e9t\u00e9s. Il n\u2019y a aucune exigence quant au revenu ou \u00e0 la cote de cr\u00e9dit. Les propri\u00e9taires doivent \u00e9tre \u00e2g\u00e9s de 55 ans et plus et aucun paiement ne sera exig\u00e9 tant et aussi longtemps qu\u2019ils demeurent dans leur maison. Par cons\u00e9quent, si vous vivez confortablement dans votre maison et ne voulez ni la vendre ni d\u00e9m\u00e9nager, tout en d\u00e9sirant obtenir une partie de la valeur nette accumul\u00e9e de votre maison, nous pouvons \u00e9galement vous aider.<\/p>\n<p><a href=\"https:\/\/francais.chip.ca\/\" target=\"blank\" rel=\"noopener\">Cliquez ici<\/a> pour en savoir davantage sur la fa\u00e7on de vous aider \u00e0 obtenir plus d\u2019argent afin de profiter de la vie selon vos conditions.<\/p>\n<p>Vous trouverez ci-joint deux versions de notre logo que vous pourriez vouloir int\u00e9grer \u00e0 votre site Web. La couleur de fond de la premi\u00e8re version est blanche et cette version devrait \u00e9tre utilis\u00e9e si la couleur de fond de votre site Web est autre que blanche. Quant \u00e0 la seconde version (dont le nom du fichier comprend le mot \u00ab translucide \u00bb), sa couleur de fond est translucide, faisant en sorte que vous pouvez l\u2019utiliser si la couleur de fond de votre site Web est blanche; de cette mani\u00e8re, le fond blanc du logo de CHIP se fondra impeccablement avec le fond blanc de votre site Web.<\/p>\n<p>Si un autre contenu s\u2019av\u00e9rait n\u00e9cessaire, n\u2019h\u00e9sitez pas \u00e0 m\u2019en faire part. Nous sommes fiers de travailler avec vous afin de vous aider \u00e0 accro\u00eetre votre chiffre d\u2019affaires tout en nous assurant que l\u2019information sur le produit est toujours exacte et que l\u2019int\u00e9grit\u00e9 de notre marque est maintenue.<\/p>\n","protected":false},"excerpt":{"rendered":"<p>L&#8217;hypoth\u00e8que invers\u00e9e CHIP, offerte par la Banque HomEquity, est une solution con\u00e7ue sp\u00e9cifiquement pour les propri\u00e9taires canadiens \u00e2g\u00e9s de 55 ans et plus.<\/p>\n","protected":false},"author":1,"featured_media":528,"parent":627,"menu_order":0,"comment_status":"closed","ping_status":"closed","template":"","meta":[],"yoast_head":"<!-- This site is optimized with the Yoast SEO plugin v17.1 - https:\/\/yoast.com\/wordpress\/plugins\/seo\/ -->\n<meta name=\"description\" content=\"Acc\u00e9dez jusqu&#039;\u00e0 55 % de la valeur de votre maison sans paiements mensuels. Trevor Nyers vous guide vers une retraite sereine \u00e0 North Bay et en Ontario.\" \/>\n<meta name=\"robots\" content=\"index, follow, max-snippet:-1, max-image-preview:large, max-video-preview:-1\" \/>\n<link rel=\"canonical\" href=\"https:\/\/trevornyers.ca\/fr\/refinance\/chip\/\" \/>\n<meta property=\"og:locale\" content=\"fr_FR\" \/>\n<meta property=\"og:type\" content=\"article\" \/>\n<meta property=\"og:title\" content=\"Hypoth\u00e8que Invers\u00e9e CHIP | North Bay | Trevor Nyers\" \/>\n<meta property=\"og:description\" content=\"Acc\u00e9dez jusqu&#039;\u00e0 55 % de la valeur de votre maison sans paiements mensuels. Trevor Nyers vous guide vers une retraite sereine \u00e0 North Bay et en Ontario.\" \/>\n<meta property=\"og:url\" content=\"https:\/\/trevornyers.ca\/fr\/refinance\/chip\/\" \/>\n<meta property=\"og:site_name\" content=\"Centres Hypoth\u00e9caires Dominion\" \/>\n<meta property=\"article:modified_time\" content=\"2025-05-13T14:04:31+00:00\" \/>\n<meta property=\"og:image\" content=\"https:\/\/trevornyers.ca\/wp-content\/uploads\/2016\/09\/chip.jpg\" \/>\n\t<meta property=\"og:image:width\" content=\"1200\" \/>\n\t<meta property=\"og:image:height\" content=\"611\" \/>\n<meta name=\"twitter:card\" content=\"summary\" \/>\n<meta name=\"twitter:label1\" content=\"Dur\u00e9e de lecture est.\" \/>\n\t<meta name=\"twitter:data1\" content=\"2 minutes\" \/>\n<script type=\"application\/ld+json\" class=\"yoast-schema-graph\">{\"@context\":\"https:\/\/schema.org\",\"@graph\":[{\"@type\":\"WebSite\",\"@id\":\"https:\/\/trevornyers.ca\/#website\",\"url\":\"https:\/\/trevornyers.ca\/\",\"name\":\"Centres Hypoth\\u00e9caires Dominion\",\"description\":\"Just another WordPress site\",\"potentialAction\":[{\"@type\":\"SearchAction\",\"target\":{\"@type\":\"EntryPoint\",\"urlTemplate\":\"https:\/\/trevornyers.ca\/?s={search_term_string}\"},\"query-input\":\"required name=search_term_string\"}],\"inLanguage\":\"fr-FR\"},{\"@type\":\"ImageObject\",\"@id\":\"https:\/\/trevornyers.ca\/fr\/refinance\/chip\/#primaryimage\",\"inLanguage\":\"fr-FR\",\"url\":\"https:\/\/trevornyers.ca\/wp-content\/uploads\/2016\/09\/chip.jpg\",\"contentUrl\":\"https:\/\/trevornyers.ca\/wp-content\/uploads\/2016\/09\/chip.jpg\",\"width\":1200,\"height\":611},{\"@type\":\"WebPage\",\"@id\":\"https:\/\/trevornyers.ca\/fr\/refinance\/chip\/#webpage\",\"url\":\"https:\/\/trevornyers.ca\/fr\/refinance\/chip\/\",\"name\":\"Hypoth\\u00e8que Invers\\u00e9e CHIP | North Bay | Trevor Nyers\",\"isPartOf\":{\"@id\":\"https:\/\/trevornyers.ca\/#website\"},\"primaryImageOfPage\":{\"@id\":\"https:\/\/trevornyers.ca\/fr\/refinance\/chip\/#primaryimage\"},\"datePublished\":\"2016-09-13T19:04:19+00:00\",\"dateModified\":\"2025-05-13T14:04:31+00:00\",\"description\":\"Acc\\u00e9dez jusqu'\\u00e0 55 % de la valeur de votre maison sans paiements mensuels. Trevor Nyers vous guide vers une retraite sereine \\u00e0 North Bay et en Ontario.\",\"breadcrumb\":{\"@id\":\"https:\/\/trevornyers.ca\/fr\/refinance\/chip\/#breadcrumb\"},\"inLanguage\":\"fr-FR\",\"potentialAction\":[{\"@type\":\"ReadAction\",\"target\":[\"https:\/\/trevornyers.ca\/fr\/refinance\/chip\/\"]}]},{\"@type\":\"BreadcrumbList\",\"@id\":\"https:\/\/trevornyers.ca\/fr\/refinance\/chip\/#breadcrumb\",\"itemListElement\":[{\"@type\":\"ListItem\",\"position\":1,\"name\":\"Home\",\"item\":\"https:\/\/trevornyers.ca\/fr\/\"},{\"@type\":\"ListItem\",\"position\":2,\"name\":\"REFINANCEMENT\",\"item\":\"https:\/\/trevornyers.ca\/fr\/refinance\/\"},{\"@type\":\"ListItem\",\"position\":3,\"name\":\"CHIP\"}]}]}<\/script>\n<!-- \/ Yoast SEO plugin. -->","yoast_head_json":{"description":"Acc\u00e9dez jusqu'\u00e0 55 % de la valeur de votre maison sans paiements mensuels. Trevor Nyers vous guide vers une retraite sereine \u00e0 North Bay et en Ontario.","robots":{"index":"index","follow":"follow","max-snippet":"max-snippet:-1","max-image-preview":"max-image-preview:large","max-video-preview":"max-video-preview:-1"},"canonical":"https:\/\/trevornyers.ca\/fr\/refinance\/chip\/","og_locale":"fr_FR","og_type":"article","og_title":"Hypoth\u00e8que Invers\u00e9e CHIP | North Bay | Trevor Nyers","og_description":"Acc\u00e9dez jusqu'\u00e0 55 % de la valeur de votre maison sans paiements mensuels. Trevor Nyers vous guide vers une retraite sereine \u00e0 North Bay et en Ontario.","og_url":"https:\/\/trevornyers.ca\/fr\/refinance\/chip\/","og_site_name":"Centres Hypoth\u00e9caires Dominion","article_modified_time":"2025-05-13T14:04:31+00:00","og_image":[{"width":1200,"height":611,"url":"https:\/\/trevornyers.ca\/wp-content\/uploads\/2016\/09\/chip.jpg","path":"\/var\/www\/sites\/wps\/sites\/code\/wp-content\/uploads\/2016\/09\/chip.jpg","size":"full","id":528,"alt":"","pixels":733200,"type":"image\/jpeg"}],"twitter_card":"summary","twitter_misc":{"Dur\u00e9e de lecture est.":"2 minutes"},"schema":{"@context":"https:\/\/schema.org","@graph":[{"@type":"WebSite","@id":"https:\/\/trevornyers.ca\/#website","url":"https:\/\/trevornyers.ca\/","name":"Centres Hypoth\u00e9caires Dominion","description":"Just another WordPress site","potentialAction":[{"@type":"SearchAction","target":{"@type":"EntryPoint","urlTemplate":"https:\/\/trevornyers.ca\/?s={search_term_string}"},"query-input":"required name=search_term_string"}],"inLanguage":"fr-FR"},{"@type":"ImageObject","@id":"https:\/\/trevornyers.ca\/fr\/refinance\/chip\/#primaryimage","inLanguage":"fr-FR","url":"https:\/\/trevornyers.ca\/wp-content\/uploads\/2016\/09\/chip.jpg","contentUrl":"https:\/\/trevornyers.ca\/wp-content\/uploads\/2016\/09\/chip.jpg","width":1200,"height":611},{"@type":"WebPage","@id":"https:\/\/trevornyers.ca\/fr\/refinance\/chip\/#webpage","url":"https:\/\/trevornyers.ca\/fr\/refinance\/chip\/","name":"Hypoth\u00e8que Invers\u00e9e CHIP | North Bay | Trevor Nyers","isPartOf":{"@id":"https:\/\/trevornyers.ca\/#website"},"primaryImageOfPage":{"@id":"https:\/\/trevornyers.ca\/fr\/refinance\/chip\/#primaryimage"},"datePublished":"2016-09-13T19:04:19+00:00","dateModified":"2025-05-13T14:04:31+00:00","description":"Acc\u00e9dez jusqu'\u00e0 55 % de la valeur de votre maison sans paiements mensuels. Trevor Nyers vous guide vers une retraite sereine \u00e0 North Bay et en Ontario.","breadcrumb":{"@id":"https:\/\/trevornyers.ca\/fr\/refinance\/chip\/#breadcrumb"},"inLanguage":"fr-FR","potentialAction":[{"@type":"ReadAction","target":["https:\/\/trevornyers.ca\/fr\/refinance\/chip\/"]}]},{"@type":"BreadcrumbList","@id":"https:\/\/trevornyers.ca\/fr\/refinance\/chip\/#breadcrumb","itemListElement":[{"@type":"ListItem","position":1,"name":"Home","item":"https:\/\/trevornyers.ca\/fr\/"},{"@type":"ListItem","position":2,"name":"REFINANCEMENT","item":"https:\/\/trevornyers.ca\/fr\/refinance\/"},{"@type":"ListItem","position":3,"name":"CHIP"}]}]}},"_links":{"self":[{"href":"https:\/\/trevornyers.ca\/fr\/wp-json\/wp\/v2\/pages\/613"}],"collection":[{"href":"https:\/\/trevornyers.ca\/fr\/wp-json\/wp\/v2\/pages"}],"about":[{"href":"https:\/\/trevornyers.ca\/fr\/wp-json\/wp\/v2\/types\/page"}],"author":[{"embeddable":true,"href":"https:\/\/trevornyers.ca\/fr\/wp-json\/wp\/v2\/users\/1"}],"replies":[{"embeddable":true,"href":"https:\/\/trevornyers.ca\/fr\/wp-json\/wp\/v2\/comments?post=613"}],"version-history":[{"count":4,"href":"https:\/\/trevornyers.ca\/fr\/wp-json\/wp\/v2\/pages\/613\/revisions"}],"predecessor-version":[{"id":1361,"href":"https:\/\/trevornyers.ca\/fr\/wp-json\/wp\/v2\/pages\/613\/revisions\/1361"}],"up":[{"embeddable":true,"href":"https:\/\/trevornyers.ca\/fr\/wp-json\/wp\/v2\/pages\/627"}],"wp:featuredmedia":[{"embeddable":true,"href":"https:\/\/trevornyers.ca\/fr\/wp-json\/wp\/v2\/media\/528"}],"wp:attachment":[{"href":"https:\/\/trevornyers.ca\/fr\/wp-json\/wp\/v2\/media?parent=613"}],"curies":[{"name":"wp","href":"https:\/\/api.w.org\/{rel}","templated":true}]}}