{"id":614,"date":"2016-09-13T14:59:00","date_gmt":"2016-09-13T18:59:00","guid":{"rendered":"http:\/\/simon.wps.dev\/fr\/how-to-apply\/"},"modified":"2025-05-13T09:43:59","modified_gmt":"2025-05-13T13:43:59","slug":"how-to-apply","status":"publish","type":"page","link":"https:\/\/trevornyers.ca\/fr\/how-to-apply\/","title":{"rendered":"POUR PR\u00c9SENTER UNE DEMANDE"},"content":{"rendered":"<h2><span data-sheets-root=\"1\">Comment Faire une Demande d\u2019Hypoth\u00e8que<\/span><\/h2>\n<h3><span data-sheets-root=\"1\">\u00c9tapes Simples pour Obtenir Votre Hypoth\u00e8que \u00e0 North Bay<\/span><\/h3>\n","protected":false},"excerpt":{"rendered":"<p>Faire une demande de pr\u00eat hypoth\u00e9caire ne pourrait \u00eatre plus facile. Vous n\u2019avez qu\u2019\u00e0 remplir notre demande s\u00e9curis\u00e9e et nous communiquerons avec vous sous peu<\/p>\n","protected":false},"author":1,"featured_media":0,"parent":0,"menu_order":0,"comment_status":"closed","ping_status":"closed","template":"","meta":[],"yoast_head":"<!-- This site is optimized with the Yoast SEO plugin v17.1 - https:\/\/yoast.com\/wordpress\/plugins\/seo\/ -->\n<meta name=\"description\" content=\"D\u00e9couvrez comment faire une demande d\u2019hypoth\u00e8que avec Trevor Nyers \u00e0 North Bay. Processus simple, soutien expert, service partout en Ontario.\" \/>\n<meta name=\"robots\" content=\"index, follow, max-snippet:-1, max-image-preview:large, max-video-preview:-1\" \/>\n<link rel=\"canonical\" href=\"https:\/\/trevornyers.ca\/fr\/how-to-apply\/\" \/>\n<meta property=\"og:locale\" content=\"fr_FR\" \/>\n<meta property=\"og:type\" content=\"article\" \/>\n<meta property=\"og:title\" content=\"Faire une Demande d\u2019Hypoth\u00e8que | North Bay | T. Nyers\" \/>\n<meta property=\"og:description\" content=\"D\u00e9couvrez comment faire une demande d\u2019hypoth\u00e8que avec Trevor Nyers \u00e0 North Bay. Processus simple, soutien expert, service partout en Ontario.\" \/>\n<meta property=\"og:url\" content=\"https:\/\/trevornyers.ca\/fr\/how-to-apply\/\" \/>\n<meta property=\"og:site_name\" content=\"Centres Hypoth\u00e9caires Dominion\" \/>\n<meta property=\"article:modified_time\" content=\"2025-05-13T13:43:59+00:00\" \/>\n<meta name=\"twitter:card\" content=\"summary\" \/>\n<script type=\"application\/ld+json\" class=\"yoast-schema-graph\">{\"@context\":\"https:\/\/schema.org\",\"@graph\":[{\"@type\":\"WebSite\",\"@id\":\"https:\/\/trevornyers.ca\/#website\",\"url\":\"https:\/\/trevornyers.ca\/\",\"name\":\"Centres Hypoth\\u00e9caires Dominion\",\"description\":\"Just another WordPress site\",\"potentialAction\":[{\"@type\":\"SearchAction\",\"target\":{\"@type\":\"EntryPoint\",\"urlTemplate\":\"https:\/\/trevornyers.ca\/?s={search_term_string}\"},\"query-input\":\"required name=search_term_string\"}],\"inLanguage\":\"fr-FR\"},{\"@type\":\"WebPage\",\"@id\":\"https:\/\/trevornyers.ca\/fr\/how-to-apply\/#webpage\",\"url\":\"https:\/\/trevornyers.ca\/fr\/how-to-apply\/\",\"name\":\"Faire une Demande d\\u2019Hypoth\\u00e8que | North Bay | T. Nyers\",\"isPartOf\":{\"@id\":\"https:\/\/trevornyers.ca\/#website\"},\"datePublished\":\"2016-09-13T18:59:00+00:00\",\"dateModified\":\"2025-05-13T13:43:59+00:00\",\"description\":\"D\\u00e9couvrez comment faire une demande d\\u2019hypoth\\u00e8que avec Trevor Nyers \\u00e0 North Bay. Processus simple, soutien expert, service partout en Ontario.\",\"breadcrumb\":{\"@id\":\"https:\/\/trevornyers.ca\/fr\/how-to-apply\/#breadcrumb\"},\"inLanguage\":\"fr-FR\",\"potentialAction\":[{\"@type\":\"ReadAction\",\"target\":[\"https:\/\/trevornyers.ca\/fr\/how-to-apply\/\"]}]},{\"@type\":\"BreadcrumbList\",\"@id\":\"https:\/\/trevornyers.ca\/fr\/how-to-apply\/#breadcrumb\",\"itemListElement\":[{\"@type\":\"ListItem\",\"position\":1,\"name\":\"Home\",\"item\":\"https:\/\/trevornyers.ca\/fr\/\"},{\"@type\":\"ListItem\",\"position\":2,\"name\":\"POUR PR\\u00c9SENTER UNE DEMANDE\"}]}]}<\/script>\n<!-- \/ Yoast SEO plugin. -->","yoast_head_json":{"description":"D\u00e9couvrez comment faire une demande d\u2019hypoth\u00e8que avec Trevor Nyers \u00e0 North Bay. Processus simple, soutien expert, service partout en Ontario.","robots":{"index":"index","follow":"follow","max-snippet":"max-snippet:-1","max-image-preview":"max-image-preview:large","max-video-preview":"max-video-preview:-1"},"canonical":"https:\/\/trevornyers.ca\/fr\/how-to-apply\/","og_locale":"fr_FR","og_type":"article","og_title":"Faire une Demande d\u2019Hypoth\u00e8que | North Bay | T. Nyers","og_description":"D\u00e9couvrez comment faire une demande d\u2019hypoth\u00e8que avec Trevor Nyers \u00e0 North Bay. Processus simple, soutien expert, service partout en Ontario.","og_url":"https:\/\/trevornyers.ca\/fr\/how-to-apply\/","og_site_name":"Centres Hypoth\u00e9caires Dominion","article_modified_time":"2025-05-13T13:43:59+00:00","twitter_card":"summary","schema":{"@context":"https:\/\/schema.org","@graph":[{"@type":"WebSite","@id":"https:\/\/trevornyers.ca\/#website","url":"https:\/\/trevornyers.ca\/","name":"Centres Hypoth\u00e9caires Dominion","description":"Just another WordPress site","potentialAction":[{"@type":"SearchAction","target":{"@type":"EntryPoint","urlTemplate":"https:\/\/trevornyers.ca\/?s={search_term_string}"},"query-input":"required name=search_term_string"}],"inLanguage":"fr-FR"},{"@type":"WebPage","@id":"https:\/\/trevornyers.ca\/fr\/how-to-apply\/#webpage","url":"https:\/\/trevornyers.ca\/fr\/how-to-apply\/","name":"Faire une Demande d\u2019Hypoth\u00e8que | North Bay | T. Nyers","isPartOf":{"@id":"https:\/\/trevornyers.ca\/#website"},"datePublished":"2016-09-13T18:59:00+00:00","dateModified":"2025-05-13T13:43:59+00:00","description":"D\u00e9couvrez comment faire une demande d\u2019hypoth\u00e8que avec Trevor Nyers \u00e0 North Bay. Processus simple, soutien expert, service partout en Ontario.","breadcrumb":{"@id":"https:\/\/trevornyers.ca\/fr\/how-to-apply\/#breadcrumb"},"inLanguage":"fr-FR","potentialAction":[{"@type":"ReadAction","target":["https:\/\/trevornyers.ca\/fr\/how-to-apply\/"]}]},{"@type":"BreadcrumbList","@id":"https:\/\/trevornyers.ca\/fr\/how-to-apply\/#breadcrumb","itemListElement":[{"@type":"ListItem","position":1,"name":"Home","item":"https:\/\/trevornyers.ca\/fr\/"},{"@type":"ListItem","position":2,"name":"POUR PR\u00c9SENTER UNE DEMANDE"}]}]}},"_links":{"self":[{"href":"https:\/\/trevornyers.ca\/fr\/wp-json\/wp\/v2\/pages\/614"}],"collection":[{"href":"https:\/\/trevornyers.ca\/fr\/wp-json\/wp\/v2\/pages"}],"about":[{"href":"https:\/\/trevornyers.ca\/fr\/wp-json\/wp\/v2\/types\/page"}],"author":[{"embeddable":true,"href":"https:\/\/trevornyers.ca\/fr\/wp-json\/wp\/v2\/users\/1"}],"replies":[{"embeddable":true,"href":"https:\/\/trevornyers.ca\/fr\/wp-json\/wp\/v2\/comments?post=614"}],"version-history":[{"count":4,"href":"https:\/\/trevornyers.ca\/fr\/wp-json\/wp\/v2\/pages\/614\/revisions"}],"predecessor-version":[{"id":1345,"href":"https:\/\/trevornyers.ca\/fr\/wp-json\/wp\/v2\/pages\/614\/revisions\/1345"}],"wp:attachment":[{"href":"https:\/\/trevornyers.ca\/fr\/wp-json\/wp\/v2\/media?parent=614"}],"curies":[{"name":"wp","href":"https:\/\/api.w.org\/{rel}","templated":true}]}}