{"id":617,"date":"2016-09-13T14:56:24","date_gmt":"2016-09-13T18:56:24","guid":{"rendered":"http:\/\/simon.wps.dev\/fr\/how-to-apply-2\/"},"modified":"2025-05-13T10:19:17","modified_gmt":"2025-05-13T14:19:17","slug":"how-to-apply","status":"publish","type":"page","link":"https:\/\/trevornyers.ca\/fr\/mortgages\/how-to-apply\/","title":{"rendered":"POUR PR\u00c9SENTER UNE DEMANDE"},"content":{"rendered":"<h2><span data-sheets-root=\"1\">Comment Faire une Demande de Pr\u00eat Hypoth\u00e9caire<\/span><\/h2>\n<h3><span data-sheets-root=\"1\">Processus Simple et S\u00e9curis\u00e9 pour Votre Demande en Ligne<\/span><\/h3>\n","protected":false},"excerpt":{"rendered":"<p>Faire une demande de pr\u00eat hypoth\u00e9caire ne pourrait \u00eatre plus facile. Vous n\u2019avez qu\u2019\u00e0 remplir notre demande s\u00e9curis\u00e9e et nous communiquerons avec vous sous peu<\/p>\n","protected":false},"author":1,"featured_media":515,"parent":629,"menu_order":0,"comment_status":"closed","ping_status":"closed","template":"","meta":[],"yoast_head":"<!-- This site is optimized with the Yoast SEO plugin v17.1 - https:\/\/yoast.com\/wordpress\/plugins\/seo\/ -->\n<meta name=\"description\" content=\"Soumettez votre demande de pr\u00eat hypoth\u00e9caire en ligne avec Trevor Nyers. Processus rapide, s\u00e9curis\u00e9 et personnalis\u00e9 pour les r\u00e9sidents de North Bay et de l\u2019Ontario.\" \/>\n<meta name=\"robots\" content=\"index, follow, max-snippet:-1, max-image-preview:large, max-video-preview:-1\" \/>\n<link rel=\"canonical\" href=\"https:\/\/trevornyers.ca\/fr\/mortgages\/how-to-apply\/\" \/>\n<meta property=\"og:locale\" content=\"fr_FR\" \/>\n<meta property=\"og:type\" content=\"article\" \/>\n<meta property=\"og:title\" content=\"Demande de Pr\u00eat Hypoth\u00e9caire | North Bay | Trevor Nyers\" \/>\n<meta property=\"og:description\" content=\"Soumettez votre demande de pr\u00eat hypoth\u00e9caire en ligne avec Trevor Nyers. Processus rapide, s\u00e9curis\u00e9 et personnalis\u00e9 pour les r\u00e9sidents de North Bay et de l\u2019Ontario.\" \/>\n<meta property=\"og:url\" content=\"https:\/\/trevornyers.ca\/fr\/mortgages\/how-to-apply\/\" \/>\n<meta property=\"og:site_name\" content=\"Centres Hypoth\u00e9caires Dominion\" \/>\n<meta property=\"article:modified_time\" content=\"2025-05-13T14:19:17+00:00\" \/>\n<meta property=\"og:image\" content=\"https:\/\/trevornyers.ca\/wp-content\/uploads\/2016\/09\/apply.jpg\" \/>\n\t<meta property=\"og:image:width\" content=\"1200\" \/>\n\t<meta property=\"og:image:height\" content=\"611\" \/>\n<meta name=\"twitter:card\" content=\"summary\" \/>\n<script type=\"application\/ld+json\" class=\"yoast-schema-graph\">{\"@context\":\"https:\/\/schema.org\",\"@graph\":[{\"@type\":\"WebSite\",\"@id\":\"https:\/\/trevornyers.ca\/#website\",\"url\":\"https:\/\/trevornyers.ca\/\",\"name\":\"Centres Hypoth\\u00e9caires Dominion\",\"description\":\"Just another WordPress site\",\"potentialAction\":[{\"@type\":\"SearchAction\",\"target\":{\"@type\":\"EntryPoint\",\"urlTemplate\":\"https:\/\/trevornyers.ca\/?s={search_term_string}\"},\"query-input\":\"required name=search_term_string\"}],\"inLanguage\":\"fr-FR\"},{\"@type\":\"ImageObject\",\"@id\":\"https:\/\/trevornyers.ca\/fr\/mortgages\/how-to-apply\/#primaryimage\",\"inLanguage\":\"fr-FR\",\"url\":\"https:\/\/trevornyers.ca\/wp-content\/uploads\/2016\/09\/apply.jpg\",\"contentUrl\":\"https:\/\/trevornyers.ca\/wp-content\/uploads\/2016\/09\/apply.jpg\",\"width\":1200,\"height\":611},{\"@type\":\"WebPage\",\"@id\":\"https:\/\/trevornyers.ca\/fr\/mortgages\/how-to-apply\/#webpage\",\"url\":\"https:\/\/trevornyers.ca\/fr\/mortgages\/how-to-apply\/\",\"name\":\"Demande de Pr\\u00eat Hypoth\\u00e9caire | North Bay | Trevor Nyers\",\"isPartOf\":{\"@id\":\"https:\/\/trevornyers.ca\/#website\"},\"primaryImageOfPage\":{\"@id\":\"https:\/\/trevornyers.ca\/fr\/mortgages\/how-to-apply\/#primaryimage\"},\"datePublished\":\"2016-09-13T18:56:24+00:00\",\"dateModified\":\"2025-05-13T14:19:17+00:00\",\"description\":\"Soumettez votre demande de pr\\u00eat hypoth\\u00e9caire en ligne avec Trevor Nyers. Processus rapide, s\\u00e9curis\\u00e9 et personnalis\\u00e9 pour les r\\u00e9sidents de North Bay et de l\\u2019Ontario.\",\"breadcrumb\":{\"@id\":\"https:\/\/trevornyers.ca\/fr\/mortgages\/how-to-apply\/#breadcrumb\"},\"inLanguage\":\"fr-FR\",\"potentialAction\":[{\"@type\":\"ReadAction\",\"target\":[\"https:\/\/trevornyers.ca\/fr\/mortgages\/how-to-apply\/\"]}]},{\"@type\":\"BreadcrumbList\",\"@id\":\"https:\/\/trevornyers.ca\/fr\/mortgages\/how-to-apply\/#breadcrumb\",\"itemListElement\":[{\"@type\":\"ListItem\",\"position\":1,\"name\":\"Home\",\"item\":\"https:\/\/trevornyers.ca\/fr\/\"},{\"@type\":\"ListItem\",\"position\":2,\"name\":\"Mortgages\",\"item\":\"https:\/\/trevornyers.ca\/fr\/mortgages\/\"},{\"@type\":\"ListItem\",\"position\":3,\"name\":\"POUR PR\\u00c9SENTER UNE DEMANDE\"}]}]}<\/script>\n<!-- \/ Yoast SEO plugin. -->","yoast_head_json":{"description":"Soumettez votre demande de pr\u00eat hypoth\u00e9caire en ligne avec Trevor Nyers. Processus rapide, s\u00e9curis\u00e9 et personnalis\u00e9 pour les r\u00e9sidents de North Bay et de l\u2019Ontario.","robots":{"index":"index","follow":"follow","max-snippet":"max-snippet:-1","max-image-preview":"max-image-preview:large","max-video-preview":"max-video-preview:-1"},"canonical":"https:\/\/trevornyers.ca\/fr\/mortgages\/how-to-apply\/","og_locale":"fr_FR","og_type":"article","og_title":"Demande de Pr\u00eat Hypoth\u00e9caire | North Bay | Trevor Nyers","og_description":"Soumettez votre demande de pr\u00eat hypoth\u00e9caire en ligne avec Trevor Nyers. Processus rapide, s\u00e9curis\u00e9 et personnalis\u00e9 pour les r\u00e9sidents de North Bay et de l\u2019Ontario.","og_url":"https:\/\/trevornyers.ca\/fr\/mortgages\/how-to-apply\/","og_site_name":"Centres Hypoth\u00e9caires Dominion","article_modified_time":"2025-05-13T14:19:17+00:00","og_image":[{"width":1200,"height":611,"url":"https:\/\/trevornyers.ca\/wp-content\/uploads\/2016\/09\/apply.jpg","path":"\/var\/www\/sites\/wps\/sites\/code\/wp-content\/uploads\/2016\/09\/apply.jpg","size":"full","id":515,"alt":"","pixels":733200,"type":"image\/jpeg"}],"twitter_card":"summary","schema":{"@context":"https:\/\/schema.org","@graph":[{"@type":"WebSite","@id":"https:\/\/trevornyers.ca\/#website","url":"https:\/\/trevornyers.ca\/","name":"Centres Hypoth\u00e9caires Dominion","description":"Just another WordPress site","potentialAction":[{"@type":"SearchAction","target":{"@type":"EntryPoint","urlTemplate":"https:\/\/trevornyers.ca\/?s={search_term_string}"},"query-input":"required name=search_term_string"}],"inLanguage":"fr-FR"},{"@type":"ImageObject","@id":"https:\/\/trevornyers.ca\/fr\/mortgages\/how-to-apply\/#primaryimage","inLanguage":"fr-FR","url":"https:\/\/trevornyers.ca\/wp-content\/uploads\/2016\/09\/apply.jpg","contentUrl":"https:\/\/trevornyers.ca\/wp-content\/uploads\/2016\/09\/apply.jpg","width":1200,"height":611},{"@type":"WebPage","@id":"https:\/\/trevornyers.ca\/fr\/mortgages\/how-to-apply\/#webpage","url":"https:\/\/trevornyers.ca\/fr\/mortgages\/how-to-apply\/","name":"Demande de Pr\u00eat Hypoth\u00e9caire | North Bay | Trevor Nyers","isPartOf":{"@id":"https:\/\/trevornyers.ca\/#website"},"primaryImageOfPage":{"@id":"https:\/\/trevornyers.ca\/fr\/mortgages\/how-to-apply\/#primaryimage"},"datePublished":"2016-09-13T18:56:24+00:00","dateModified":"2025-05-13T14:19:17+00:00","description":"Soumettez votre demande de pr\u00eat hypoth\u00e9caire en ligne avec Trevor Nyers. Processus rapide, s\u00e9curis\u00e9 et personnalis\u00e9 pour les r\u00e9sidents de North Bay et de l\u2019Ontario.","breadcrumb":{"@id":"https:\/\/trevornyers.ca\/fr\/mortgages\/how-to-apply\/#breadcrumb"},"inLanguage":"fr-FR","potentialAction":[{"@type":"ReadAction","target":["https:\/\/trevornyers.ca\/fr\/mortgages\/how-to-apply\/"]}]},{"@type":"BreadcrumbList","@id":"https:\/\/trevornyers.ca\/fr\/mortgages\/how-to-apply\/#breadcrumb","itemListElement":[{"@type":"ListItem","position":1,"name":"Home","item":"https:\/\/trevornyers.ca\/fr\/"},{"@type":"ListItem","position":2,"name":"Mortgages","item":"https:\/\/trevornyers.ca\/fr\/mortgages\/"},{"@type":"ListItem","position":3,"name":"POUR PR\u00c9SENTER UNE DEMANDE"}]}]}},"_links":{"self":[{"href":"https:\/\/trevornyers.ca\/fr\/wp-json\/wp\/v2\/pages\/617"}],"collection":[{"href":"https:\/\/trevornyers.ca\/fr\/wp-json\/wp\/v2\/pages"}],"about":[{"href":"https:\/\/trevornyers.ca\/fr\/wp-json\/wp\/v2\/types\/page"}],"author":[{"embeddable":true,"href":"https:\/\/trevornyers.ca\/fr\/wp-json\/wp\/v2\/users\/1"}],"replies":[{"embeddable":true,"href":"https:\/\/trevornyers.ca\/fr\/wp-json\/wp\/v2\/comments?post=617"}],"version-history":[{"count":3,"href":"https:\/\/trevornyers.ca\/fr\/wp-json\/wp\/v2\/pages\/617\/revisions"}],"predecessor-version":[{"id":1372,"href":"https:\/\/trevornyers.ca\/fr\/wp-json\/wp\/v2\/pages\/617\/revisions\/1372"}],"up":[{"embeddable":true,"href":"https:\/\/trevornyers.ca\/fr\/wp-json\/wp\/v2\/pages\/629"}],"wp:featuredmedia":[{"embeddable":true,"href":"https:\/\/trevornyers.ca\/fr\/wp-json\/wp\/v2\/media\/515"}],"wp:attachment":[{"href":"https:\/\/trevornyers.ca\/fr\/wp-json\/wp\/v2\/media?parent=617"}],"curies":[{"name":"wp","href":"https:\/\/api.w.org\/{rel}","templated":true}]}}