{"id":619,"date":"2016-09-13T14:55:45","date_gmt":"2016-09-13T18:55:45","guid":{"rendered":"http:\/\/simon.wps.dev\/fr\/mortgage-calculators\/"},"modified":"2025-05-13T10:20:27","modified_gmt":"2025-05-13T14:20:27","slug":"mortgage-calculators","status":"publish","type":"page","link":"https:\/\/trevornyers.ca\/fr\/mortgages\/mortgage-calculators\/","title":{"rendered":"Calculatrices hypoth\u00e9caires"},"content":{"rendered":"<h2><span data-sheets-root=\"1\">Outils de Calcul Hypoth\u00e9caire pour Acheteurs et Propri\u00e9taires<\/span><\/h2>\n<h3><span data-sheets-root=\"1\">Simulez Vos Paiements et Options de Pr\u00eat en Quelques Clics<\/span><\/h3>\n","protected":false},"excerpt":{"rendered":"<p>Que vous songiez \u00e0 acheter une nouvelle maison, \u00e0 obtenir un pr\u00eat sur valeur domiciliaire ou une marge de cr\u00e9dit, ou \u00e0 refinancer un pr\u00eat hypoth\u00e9caire, nos calculateurs interactifs de pr\u00eats hypoth\u00e9caires vous permettront d&#8217;explorer vos options de pr\u00eat hypoth\u00e9caire pour prendre la bonne d\u00e9cision relative \u00e0 votre financement immobilier.<\/p>\n","protected":false},"author":1,"featured_media":508,"parent":629,"menu_order":0,"comment_status":"closed","ping_status":"closed","template":"","meta":[],"yoast_head":"<!-- This site is optimized with the Yoast SEO plugin v17.1 - https:\/\/yoast.com\/wordpress\/plugins\/seo\/ -->\n<meta name=\"description\" content=\"Explorez vos options de pr\u00eat avec nos calculatrices hypoth\u00e9caires interactives. Prenez des d\u00e9cisions \u00e9clair\u00e9es pour votre financement \u00e0 North Bay et en Ontario.\" \/>\n<meta name=\"robots\" content=\"index, follow, max-snippet:-1, max-image-preview:large, max-video-preview:-1\" \/>\n<link rel=\"canonical\" href=\"https:\/\/trevornyers.ca\/fr\/mortgages\/mortgage-calculators\/\" \/>\n<meta property=\"og:locale\" content=\"fr_FR\" \/>\n<meta property=\"og:type\" content=\"article\" \/>\n<meta property=\"og:title\" content=\"Calculatrices Hypoth\u00e9caires | North Bay | Trevor Nyers\" \/>\n<meta property=\"og:description\" content=\"Explorez vos options de pr\u00eat avec nos calculatrices hypoth\u00e9caires interactives. Prenez des d\u00e9cisions \u00e9clair\u00e9es pour votre financement \u00e0 North Bay et en Ontario.\" \/>\n<meta property=\"og:url\" content=\"https:\/\/trevornyers.ca\/fr\/mortgages\/mortgage-calculators\/\" \/>\n<meta property=\"og:site_name\" content=\"Centres Hypoth\u00e9caires Dominion\" \/>\n<meta property=\"article:modified_time\" content=\"2025-05-13T14:20:27+00:00\" \/>\n<meta property=\"og:image\" content=\"https:\/\/trevornyers.ca\/wp-content\/uploads\/2016\/09\/calculators.jpg\" \/>\n\t<meta property=\"og:image:width\" content=\"1200\" \/>\n\t<meta property=\"og:image:height\" content=\"611\" \/>\n<meta name=\"twitter:card\" content=\"summary\" \/>\n<script type=\"application\/ld+json\" class=\"yoast-schema-graph\">{\"@context\":\"https:\/\/schema.org\",\"@graph\":[{\"@type\":\"WebSite\",\"@id\":\"https:\/\/trevornyers.ca\/#website\",\"url\":\"https:\/\/trevornyers.ca\/\",\"name\":\"Centres Hypoth\\u00e9caires Dominion\",\"description\":\"Just another WordPress site\",\"potentialAction\":[{\"@type\":\"SearchAction\",\"target\":{\"@type\":\"EntryPoint\",\"urlTemplate\":\"https:\/\/trevornyers.ca\/?s={search_term_string}\"},\"query-input\":\"required name=search_term_string\"}],\"inLanguage\":\"fr-FR\"},{\"@type\":\"ImageObject\",\"@id\":\"https:\/\/trevornyers.ca\/fr\/mortgages\/mortgage-calculators\/#primaryimage\",\"inLanguage\":\"fr-FR\",\"url\":\"https:\/\/trevornyers.ca\/wp-content\/uploads\/2016\/09\/calculators.jpg\",\"contentUrl\":\"https:\/\/trevornyers.ca\/wp-content\/uploads\/2016\/09\/calculators.jpg\",\"width\":1200,\"height\":611},{\"@type\":\"WebPage\",\"@id\":\"https:\/\/trevornyers.ca\/fr\/mortgages\/mortgage-calculators\/#webpage\",\"url\":\"https:\/\/trevornyers.ca\/fr\/mortgages\/mortgage-calculators\/\",\"name\":\"Calculatrices Hypoth\\u00e9caires | North Bay | Trevor Nyers\",\"isPartOf\":{\"@id\":\"https:\/\/trevornyers.ca\/#website\"},\"primaryImageOfPage\":{\"@id\":\"https:\/\/trevornyers.ca\/fr\/mortgages\/mortgage-calculators\/#primaryimage\"},\"datePublished\":\"2016-09-13T18:55:45+00:00\",\"dateModified\":\"2025-05-13T14:20:27+00:00\",\"description\":\"Explorez vos options de pr\\u00eat avec nos calculatrices hypoth\\u00e9caires interactives. Prenez des d\\u00e9cisions \\u00e9clair\\u00e9es pour votre financement \\u00e0 North Bay et en Ontario.\",\"breadcrumb\":{\"@id\":\"https:\/\/trevornyers.ca\/fr\/mortgages\/mortgage-calculators\/#breadcrumb\"},\"inLanguage\":\"fr-FR\",\"potentialAction\":[{\"@type\":\"ReadAction\",\"target\":[\"https:\/\/trevornyers.ca\/fr\/mortgages\/mortgage-calculators\/\"]}]},{\"@type\":\"BreadcrumbList\",\"@id\":\"https:\/\/trevornyers.ca\/fr\/mortgages\/mortgage-calculators\/#breadcrumb\",\"itemListElement\":[{\"@type\":\"ListItem\",\"position\":1,\"name\":\"Home\",\"item\":\"https:\/\/trevornyers.ca\/fr\/\"},{\"@type\":\"ListItem\",\"position\":2,\"name\":\"Mortgages\",\"item\":\"https:\/\/trevornyers.ca\/fr\/mortgages\/\"},{\"@type\":\"ListItem\",\"position\":3,\"name\":\"Calculatrices hypoth\\u00e9caires\"}]}]}<\/script>\n<!-- \/ Yoast SEO plugin. -->","yoast_head_json":{"description":"Explorez vos options de pr\u00eat avec nos calculatrices hypoth\u00e9caires interactives. Prenez des d\u00e9cisions \u00e9clair\u00e9es pour votre financement \u00e0 North Bay et en Ontario.","robots":{"index":"index","follow":"follow","max-snippet":"max-snippet:-1","max-image-preview":"max-image-preview:large","max-video-preview":"max-video-preview:-1"},"canonical":"https:\/\/trevornyers.ca\/fr\/mortgages\/mortgage-calculators\/","og_locale":"fr_FR","og_type":"article","og_title":"Calculatrices Hypoth\u00e9caires | North Bay | Trevor Nyers","og_description":"Explorez vos options de pr\u00eat avec nos calculatrices hypoth\u00e9caires interactives. Prenez des d\u00e9cisions \u00e9clair\u00e9es pour votre financement \u00e0 North Bay et en Ontario.","og_url":"https:\/\/trevornyers.ca\/fr\/mortgages\/mortgage-calculators\/","og_site_name":"Centres Hypoth\u00e9caires Dominion","article_modified_time":"2025-05-13T14:20:27+00:00","og_image":[{"width":1200,"height":611,"url":"https:\/\/trevornyers.ca\/wp-content\/uploads\/2016\/09\/calculators.jpg","path":"\/var\/www\/sites\/wps\/sites\/code\/wp-content\/uploads\/2016\/09\/calculators.jpg","size":"full","id":508,"alt":"","pixels":733200,"type":"image\/jpeg"}],"twitter_card":"summary","schema":{"@context":"https:\/\/schema.org","@graph":[{"@type":"WebSite","@id":"https:\/\/trevornyers.ca\/#website","url":"https:\/\/trevornyers.ca\/","name":"Centres Hypoth\u00e9caires Dominion","description":"Just another WordPress site","potentialAction":[{"@type":"SearchAction","target":{"@type":"EntryPoint","urlTemplate":"https:\/\/trevornyers.ca\/?s={search_term_string}"},"query-input":"required name=search_term_string"}],"inLanguage":"fr-FR"},{"@type":"ImageObject","@id":"https:\/\/trevornyers.ca\/fr\/mortgages\/mortgage-calculators\/#primaryimage","inLanguage":"fr-FR","url":"https:\/\/trevornyers.ca\/wp-content\/uploads\/2016\/09\/calculators.jpg","contentUrl":"https:\/\/trevornyers.ca\/wp-content\/uploads\/2016\/09\/calculators.jpg","width":1200,"height":611},{"@type":"WebPage","@id":"https:\/\/trevornyers.ca\/fr\/mortgages\/mortgage-calculators\/#webpage","url":"https:\/\/trevornyers.ca\/fr\/mortgages\/mortgage-calculators\/","name":"Calculatrices Hypoth\u00e9caires | North Bay | Trevor Nyers","isPartOf":{"@id":"https:\/\/trevornyers.ca\/#website"},"primaryImageOfPage":{"@id":"https:\/\/trevornyers.ca\/fr\/mortgages\/mortgage-calculators\/#primaryimage"},"datePublished":"2016-09-13T18:55:45+00:00","dateModified":"2025-05-13T14:20:27+00:00","description":"Explorez vos options de pr\u00eat avec nos calculatrices hypoth\u00e9caires interactives. Prenez des d\u00e9cisions \u00e9clair\u00e9es pour votre financement \u00e0 North Bay et en Ontario.","breadcrumb":{"@id":"https:\/\/trevornyers.ca\/fr\/mortgages\/mortgage-calculators\/#breadcrumb"},"inLanguage":"fr-FR","potentialAction":[{"@type":"ReadAction","target":["https:\/\/trevornyers.ca\/fr\/mortgages\/mortgage-calculators\/"]}]},{"@type":"BreadcrumbList","@id":"https:\/\/trevornyers.ca\/fr\/mortgages\/mortgage-calculators\/#breadcrumb","itemListElement":[{"@type":"ListItem","position":1,"name":"Home","item":"https:\/\/trevornyers.ca\/fr\/"},{"@type":"ListItem","position":2,"name":"Mortgages","item":"https:\/\/trevornyers.ca\/fr\/mortgages\/"},{"@type":"ListItem","position":3,"name":"Calculatrices hypoth\u00e9caires"}]}]}},"_links":{"self":[{"href":"https:\/\/trevornyers.ca\/fr\/wp-json\/wp\/v2\/pages\/619"}],"collection":[{"href":"https:\/\/trevornyers.ca\/fr\/wp-json\/wp\/v2\/pages"}],"about":[{"href":"https:\/\/trevornyers.ca\/fr\/wp-json\/wp\/v2\/types\/page"}],"author":[{"embeddable":true,"href":"https:\/\/trevornyers.ca\/fr\/wp-json\/wp\/v2\/users\/1"}],"replies":[{"embeddable":true,"href":"https:\/\/trevornyers.ca\/fr\/wp-json\/wp\/v2\/comments?post=619"}],"version-history":[{"count":3,"href":"https:\/\/trevornyers.ca\/fr\/wp-json\/wp\/v2\/pages\/619\/revisions"}],"predecessor-version":[{"id":1373,"href":"https:\/\/trevornyers.ca\/fr\/wp-json\/wp\/v2\/pages\/619\/revisions\/1373"}],"up":[{"embeddable":true,"href":"https:\/\/trevornyers.ca\/fr\/wp-json\/wp\/v2\/pages\/629"}],"wp:featuredmedia":[{"embeddable":true,"href":"https:\/\/trevornyers.ca\/fr\/wp-json\/wp\/v2\/media\/508"}],"wp:attachment":[{"href":"https:\/\/trevornyers.ca\/fr\/wp-json\/wp\/v2\/media?parent=619"}],"curies":[{"name":"wp","href":"https:\/\/api.w.org\/{rel}","templated":true}]}}