{"id":625,"date":"2016-09-13T13:48:52","date_gmt":"2016-09-13T17:48:52","guid":{"rendered":"http:\/\/simon.wps.dev\/fr\/contact\/"},"modified":"2025-05-13T09:59:02","modified_gmt":"2025-05-13T13:59:02","slug":"contact","status":"publish","type":"page","link":"https:\/\/trevornyers.ca\/fr\/about\/contact\/","title":{"rendered":"Communiquer avec Nous"},"content":{"rendered":"<h2><span data-sheets-root=\"1\">Communiquez avec Trevor Nyers<\/span><\/h2>\n<h3><span data-sheets-root=\"1\">Obtenez des Conseils Hypoth\u00e9caires Personnalis\u00e9s<\/span><\/h3>\n","protected":false},"excerpt":{"rendered":"<p>Avez-vous des questions ou des commentaires sur les services que nous offrons? Nous vous prions d\u2019utiliser ce formulaire pour nous envoyer un courriel. Notre personnel est toujours heureux de r\u00e9pondre \u00e0 vos questions.<\/p>\n","protected":false},"author":1,"featured_media":526,"parent":626,"menu_order":0,"comment_status":"closed","ping_status":"closed","template":"","meta":[],"yoast_head":"<!-- This site is optimized with the Yoast SEO plugin v17.1 - https:\/\/yoast.com\/wordpress\/plugins\/seo\/ -->\n<meta name=\"description\" content=\"Besoin d\u2019aide pour votre hypoth\u00e8que? Contactez Trevor Nyers \u00e0 North Bay pour des conseils personnalis\u00e9s. Disponible partout en Ontario.\" \/>\n<meta name=\"robots\" content=\"index, follow, max-snippet:-1, max-image-preview:large, max-video-preview:-1\" \/>\n<link rel=\"canonical\" href=\"https:\/\/trevornyers.ca\/fr\/about\/contact\/\" \/>\n<meta property=\"og:locale\" content=\"fr_FR\" \/>\n<meta property=\"og:type\" content=\"article\" \/>\n<meta property=\"og:title\" content=\"Contactez Trevor Nyers | Courtier Hypoth\u00e9caire North Bay\" \/>\n<meta property=\"og:description\" content=\"Besoin d\u2019aide pour votre hypoth\u00e8que? Contactez Trevor Nyers \u00e0 North Bay pour des conseils personnalis\u00e9s. Disponible partout en Ontario.\" \/>\n<meta property=\"og:url\" content=\"https:\/\/trevornyers.ca\/fr\/about\/contact\/\" \/>\n<meta property=\"og:site_name\" content=\"Centres Hypoth\u00e9caires Dominion\" \/>\n<meta property=\"article:modified_time\" content=\"2025-05-13T13:59:02+00:00\" \/>\n<meta property=\"og:image\" content=\"https:\/\/trevornyers.ca\/wp-content\/uploads\/2016\/10\/self-employed.jpg\" \/>\n\t<meta property=\"og:image:width\" content=\"1200\" \/>\n\t<meta property=\"og:image:height\" content=\"611\" \/>\n<meta name=\"twitter:card\" content=\"summary\" \/>\n<script type=\"application\/ld+json\" class=\"yoast-schema-graph\">{\"@context\":\"https:\/\/schema.org\",\"@graph\":[{\"@type\":\"WebSite\",\"@id\":\"https:\/\/trevornyers.ca\/#website\",\"url\":\"https:\/\/trevornyers.ca\/\",\"name\":\"Centres Hypoth\\u00e9caires Dominion\",\"description\":\"Just another WordPress site\",\"potentialAction\":[{\"@type\":\"SearchAction\",\"target\":{\"@type\":\"EntryPoint\",\"urlTemplate\":\"https:\/\/trevornyers.ca\/?s={search_term_string}\"},\"query-input\":\"required name=search_term_string\"}],\"inLanguage\":\"fr-FR\"},{\"@type\":\"ImageObject\",\"@id\":\"https:\/\/trevornyers.ca\/fr\/about\/contact\/#primaryimage\",\"inLanguage\":\"fr-FR\",\"url\":\"https:\/\/trevornyers.ca\/wp-content\/uploads\/2016\/10\/self-employed.jpg\",\"contentUrl\":\"https:\/\/trevornyers.ca\/wp-content\/uploads\/2016\/10\/self-employed.jpg\",\"width\":1200,\"height\":611},{\"@type\":\"WebPage\",\"@id\":\"https:\/\/trevornyers.ca\/fr\/about\/contact\/#webpage\",\"url\":\"https:\/\/trevornyers.ca\/fr\/about\/contact\/\",\"name\":\"Contactez Trevor Nyers | Courtier Hypoth\\u00e9caire North Bay\",\"isPartOf\":{\"@id\":\"https:\/\/trevornyers.ca\/#website\"},\"primaryImageOfPage\":{\"@id\":\"https:\/\/trevornyers.ca\/fr\/about\/contact\/#primaryimage\"},\"datePublished\":\"2016-09-13T17:48:52+00:00\",\"dateModified\":\"2025-05-13T13:59:02+00:00\",\"description\":\"Besoin d\\u2019aide pour votre hypoth\\u00e8que? Contactez Trevor Nyers \\u00e0 North Bay pour des conseils personnalis\\u00e9s. Disponible partout en Ontario.\",\"breadcrumb\":{\"@id\":\"https:\/\/trevornyers.ca\/fr\/about\/contact\/#breadcrumb\"},\"inLanguage\":\"fr-FR\",\"potentialAction\":[{\"@type\":\"ReadAction\",\"target\":[\"https:\/\/trevornyers.ca\/fr\/about\/contact\/\"]}]},{\"@type\":\"BreadcrumbList\",\"@id\":\"https:\/\/trevornyers.ca\/fr\/about\/contact\/#breadcrumb\",\"itemListElement\":[{\"@type\":\"ListItem\",\"position\":1,\"name\":\"Home\",\"item\":\"https:\/\/trevornyers.ca\/fr\/\"},{\"@type\":\"ListItem\",\"position\":2,\"name\":\"Master About\",\"item\":\"https:\/\/trevornyers.ca\/fr\/about\/\"},{\"@type\":\"ListItem\",\"position\":3,\"name\":\"Communiquer avec Nous\"}]}]}<\/script>\n<!-- \/ Yoast SEO plugin. -->","yoast_head_json":{"description":"Besoin d\u2019aide pour votre hypoth\u00e8que? Contactez Trevor Nyers \u00e0 North Bay pour des conseils personnalis\u00e9s. Disponible partout en Ontario.","robots":{"index":"index","follow":"follow","max-snippet":"max-snippet:-1","max-image-preview":"max-image-preview:large","max-video-preview":"max-video-preview:-1"},"canonical":"https:\/\/trevornyers.ca\/fr\/about\/contact\/","og_locale":"fr_FR","og_type":"article","og_title":"Contactez Trevor Nyers | Courtier Hypoth\u00e9caire North Bay","og_description":"Besoin d\u2019aide pour votre hypoth\u00e8que? Contactez Trevor Nyers \u00e0 North Bay pour des conseils personnalis\u00e9s. Disponible partout en Ontario.","og_url":"https:\/\/trevornyers.ca\/fr\/about\/contact\/","og_site_name":"Centres Hypoth\u00e9caires Dominion","article_modified_time":"2025-05-13T13:59:02+00:00","og_image":[{"width":1200,"height":611,"url":"https:\/\/trevornyers.ca\/wp-content\/uploads\/2016\/10\/self-employed.jpg","path":"\/var\/www\/sites\/wps\/sites\/code\/wp-content\/uploads\/2016\/10\/self-employed.jpg","size":"full","id":526,"alt":"","pixels":733200,"type":"image\/jpeg"}],"twitter_card":"summary","schema":{"@context":"https:\/\/schema.org","@graph":[{"@type":"WebSite","@id":"https:\/\/trevornyers.ca\/#website","url":"https:\/\/trevornyers.ca\/","name":"Centres Hypoth\u00e9caires Dominion","description":"Just another WordPress site","potentialAction":[{"@type":"SearchAction","target":{"@type":"EntryPoint","urlTemplate":"https:\/\/trevornyers.ca\/?s={search_term_string}"},"query-input":"required name=search_term_string"}],"inLanguage":"fr-FR"},{"@type":"ImageObject","@id":"https:\/\/trevornyers.ca\/fr\/about\/contact\/#primaryimage","inLanguage":"fr-FR","url":"https:\/\/trevornyers.ca\/wp-content\/uploads\/2016\/10\/self-employed.jpg","contentUrl":"https:\/\/trevornyers.ca\/wp-content\/uploads\/2016\/10\/self-employed.jpg","width":1200,"height":611},{"@type":"WebPage","@id":"https:\/\/trevornyers.ca\/fr\/about\/contact\/#webpage","url":"https:\/\/trevornyers.ca\/fr\/about\/contact\/","name":"Contactez Trevor Nyers | Courtier Hypoth\u00e9caire North Bay","isPartOf":{"@id":"https:\/\/trevornyers.ca\/#website"},"primaryImageOfPage":{"@id":"https:\/\/trevornyers.ca\/fr\/about\/contact\/#primaryimage"},"datePublished":"2016-09-13T17:48:52+00:00","dateModified":"2025-05-13T13:59:02+00:00","description":"Besoin d\u2019aide pour votre hypoth\u00e8que? Contactez Trevor Nyers \u00e0 North Bay pour des conseils personnalis\u00e9s. Disponible partout en Ontario.","breadcrumb":{"@id":"https:\/\/trevornyers.ca\/fr\/about\/contact\/#breadcrumb"},"inLanguage":"fr-FR","potentialAction":[{"@type":"ReadAction","target":["https:\/\/trevornyers.ca\/fr\/about\/contact\/"]}]},{"@type":"BreadcrumbList","@id":"https:\/\/trevornyers.ca\/fr\/about\/contact\/#breadcrumb","itemListElement":[{"@type":"ListItem","position":1,"name":"Home","item":"https:\/\/trevornyers.ca\/fr\/"},{"@type":"ListItem","position":2,"name":"Master About","item":"https:\/\/trevornyers.ca\/fr\/about\/"},{"@type":"ListItem","position":3,"name":"Communiquer avec Nous"}]}]}},"_links":{"self":[{"href":"https:\/\/trevornyers.ca\/fr\/wp-json\/wp\/v2\/pages\/625"}],"collection":[{"href":"https:\/\/trevornyers.ca\/fr\/wp-json\/wp\/v2\/pages"}],"about":[{"href":"https:\/\/trevornyers.ca\/fr\/wp-json\/wp\/v2\/types\/page"}],"author":[{"embeddable":true,"href":"https:\/\/trevornyers.ca\/fr\/wp-json\/wp\/v2\/users\/1"}],"replies":[{"embeddable":true,"href":"https:\/\/trevornyers.ca\/fr\/wp-json\/wp\/v2\/comments?post=625"}],"version-history":[{"count":8,"href":"https:\/\/trevornyers.ca\/fr\/wp-json\/wp\/v2\/pages\/625\/revisions"}],"predecessor-version":[{"id":1356,"href":"https:\/\/trevornyers.ca\/fr\/wp-json\/wp\/v2\/pages\/625\/revisions\/1356"}],"up":[{"embeddable":true,"href":"https:\/\/trevornyers.ca\/fr\/wp-json\/wp\/v2\/pages\/626"}],"wp:featuredmedia":[{"embeddable":true,"href":"https:\/\/trevornyers.ca\/fr\/wp-json\/wp\/v2\/media\/526"}],"wp:attachment":[{"href":"https:\/\/trevornyers.ca\/fr\/wp-json\/wp\/v2\/media?parent=625"}],"curies":[{"name":"wp","href":"https:\/\/api.w.org\/{rel}","templated":true}]}}