{"id":629,"date":"2016-09-13T13:48:16","date_gmt":"2016-09-13T17:48:16","guid":{"rendered":"http:\/\/simon.wps.dev\/fr\/mortgages\/"},"modified":"2025-05-13T10:16:42","modified_gmt":"2025-05-13T14:16:42","slug":"mortgages","status":"publish","type":"page","link":"https:\/\/trevornyers.ca\/fr\/mortgages\/","title":{"rendered":"Mortgages"},"content":{"rendered":"<h2><span data-sheets-root=\"1\">Vos Options Hypoth\u00e9caires \u00e0 North Bay<\/span><\/h2>\n<h3><span data-sheets-root=\"1\">Choisissez l\u2019Hypoth\u00e8que Qui Vous Convient le Mieux<\/span><\/h3>\n<p>Alors qu\u2019une institution financi\u00e8re offre uniquement des produits qui lui sont propres, les conseillers en pr\u00eats hypoth\u00e9caires autoris\u00e9s acheminent chaque ann\u00e9e des millions de dollars en cr\u00e9dit hypoth\u00e9caire vers les plus grandes banques, coop\u00e9ratives de cr\u00e9dit, soci\u00e9t\u00e9s de fiducie et institutions financi\u00e8res du Canada. Ils offrent \u00e0 leurs clients un meilleur choix et un meilleur acc\u00e8s \u00e0 des centaines de produits hypoth\u00e9caires! Ces derniers peuvent donc avoir la certitude de b\u00e9n\u00e9ficier, en toute s\u00e9curit\u00e9, du meilleur pr\u00eat hypoth\u00e9caire r\u00e9pondant \u00e0 leurs besoins!<\/p>\n<p>Que vous soyez l\u2019acheteur d\u2019une premi\u00e8re maison, que vous d\u00e9siriez emprunter sur la valeur nette de votre propri\u00e9t\u00e9 (votre avoir propre foncier) \u00e0 des fins d\u2019investissement ou de loisir, ou que votre hypoth\u00e8que actuelle arrive simplement \u00e0 expiration, il vous faut prendre une d\u00e9cision \u00e9clair\u00e9e aupr\u00e8s d\u2019un conseiller impartial.<\/p>\n","protected":false},"excerpt":{"rendered":"<p>Il existe g\u00e9n\u00e9ralement deux fa\u00e7ons d&#8217;obtenir un pr\u00eat hypoth\u00e9caire au Canada : aupr\u00e8s d&#8217;une institution financi\u00e8re ou aupr\u00e8s d&#8217;un conseiller en pr\u00eats hypoth\u00e9caires autoris\u00e9.<\/p>\n","protected":false},"author":1,"featured_media":487,"parent":0,"menu_order":0,"comment_status":"closed","ping_status":"closed","template":"","meta":[],"yoast_head":"<!-- This site is optimized with the Yoast SEO plugin v17.1 - https:\/\/yoast.com\/wordpress\/plugins\/seo\/ -->\n<meta name=\"description\" content=\"Explorez les options hypoth\u00e9caires avec Trevor Nyers \u00e0 North Bay. Des solutions personnalis\u00e9es pour tous vos besoins partout en Ontario.\" \/>\n<meta name=\"robots\" content=\"index, follow, max-snippet:-1, max-image-preview:large, max-video-preview:-1\" \/>\n<link rel=\"canonical\" href=\"https:\/\/trevornyers.ca\/fr\/mortgages\/\" \/>\n<meta property=\"og:locale\" content=\"fr_FR\" \/>\n<meta property=\"og:type\" content=\"article\" \/>\n<meta property=\"og:title\" content=\"Hypoth\u00e8ques R\u00e9sidentielles | North Bay | Trevor Nyers\" \/>\n<meta property=\"og:description\" content=\"Explorez les options hypoth\u00e9caires avec Trevor Nyers \u00e0 North Bay. Des solutions personnalis\u00e9es pour tous vos besoins partout en Ontario.\" \/>\n<meta property=\"og:url\" content=\"https:\/\/trevornyers.ca\/fr\/mortgages\/\" \/>\n<meta property=\"og:site_name\" content=\"Centres Hypoth\u00e9caires Dominion\" \/>\n<meta property=\"article:modified_time\" content=\"2025-05-13T14:16:42+00:00\" \/>\n<meta property=\"og:image\" content=\"https:\/\/trevornyers.ca\/wp-content\/uploads\/2016\/09\/mortgage.jpg\" \/>\n\t<meta property=\"og:image:width\" content=\"1200\" \/>\n\t<meta property=\"og:image:height\" content=\"611\" \/>\n<meta name=\"twitter:card\" content=\"summary\" \/>\n<meta name=\"twitter:label1\" content=\"Dur\u00e9e de lecture est.\" \/>\n\t<meta name=\"twitter:data1\" content=\"1 minute\" \/>\n<script type=\"application\/ld+json\" class=\"yoast-schema-graph\">{\"@context\":\"https:\/\/schema.org\",\"@graph\":[{\"@type\":\"WebSite\",\"@id\":\"https:\/\/trevornyers.ca\/#website\",\"url\":\"https:\/\/trevornyers.ca\/\",\"name\":\"Centres Hypoth\\u00e9caires Dominion\",\"description\":\"Just another WordPress site\",\"potentialAction\":[{\"@type\":\"SearchAction\",\"target\":{\"@type\":\"EntryPoint\",\"urlTemplate\":\"https:\/\/trevornyers.ca\/?s={search_term_string}\"},\"query-input\":\"required name=search_term_string\"}],\"inLanguage\":\"fr-FR\"},{\"@type\":\"ImageObject\",\"@id\":\"https:\/\/trevornyers.ca\/fr\/mortgages\/#primaryimage\",\"inLanguage\":\"fr-FR\",\"url\":\"https:\/\/trevornyers.ca\/wp-content\/uploads\/2016\/09\/mortgage.jpg\",\"contentUrl\":\"https:\/\/trevornyers.ca\/wp-content\/uploads\/2016\/09\/mortgage.jpg\",\"width\":1200,\"height\":611},{\"@type\":\"WebPage\",\"@id\":\"https:\/\/trevornyers.ca\/fr\/mortgages\/#webpage\",\"url\":\"https:\/\/trevornyers.ca\/fr\/mortgages\/\",\"name\":\"Hypoth\\u00e8ques R\\u00e9sidentielles | North Bay | Trevor Nyers\",\"isPartOf\":{\"@id\":\"https:\/\/trevornyers.ca\/#website\"},\"primaryImageOfPage\":{\"@id\":\"https:\/\/trevornyers.ca\/fr\/mortgages\/#primaryimage\"},\"datePublished\":\"2016-09-13T17:48:16+00:00\",\"dateModified\":\"2025-05-13T14:16:42+00:00\",\"description\":\"Explorez les options hypoth\\u00e9caires avec Trevor Nyers \\u00e0 North Bay. Des solutions personnalis\\u00e9es pour tous vos besoins partout en Ontario.\",\"breadcrumb\":{\"@id\":\"https:\/\/trevornyers.ca\/fr\/mortgages\/#breadcrumb\"},\"inLanguage\":\"fr-FR\",\"potentialAction\":[{\"@type\":\"ReadAction\",\"target\":[\"https:\/\/trevornyers.ca\/fr\/mortgages\/\"]}]},{\"@type\":\"BreadcrumbList\",\"@id\":\"https:\/\/trevornyers.ca\/fr\/mortgages\/#breadcrumb\",\"itemListElement\":[{\"@type\":\"ListItem\",\"position\":1,\"name\":\"Home\",\"item\":\"https:\/\/trevornyers.ca\/fr\/\"},{\"@type\":\"ListItem\",\"position\":2,\"name\":\"Mortgages\"}]}]}<\/script>\n<!-- \/ Yoast SEO plugin. -->","yoast_head_json":{"description":"Explorez les options hypoth\u00e9caires avec Trevor Nyers \u00e0 North Bay. Des solutions personnalis\u00e9es pour tous vos besoins partout en Ontario.","robots":{"index":"index","follow":"follow","max-snippet":"max-snippet:-1","max-image-preview":"max-image-preview:large","max-video-preview":"max-video-preview:-1"},"canonical":"https:\/\/trevornyers.ca\/fr\/mortgages\/","og_locale":"fr_FR","og_type":"article","og_title":"Hypoth\u00e8ques R\u00e9sidentielles | North Bay | Trevor Nyers","og_description":"Explorez les options hypoth\u00e9caires avec Trevor Nyers \u00e0 North Bay. Des solutions personnalis\u00e9es pour tous vos besoins partout en Ontario.","og_url":"https:\/\/trevornyers.ca\/fr\/mortgages\/","og_site_name":"Centres Hypoth\u00e9caires Dominion","article_modified_time":"2025-05-13T14:16:42+00:00","og_image":[{"width":1200,"height":611,"url":"https:\/\/trevornyers.ca\/wp-content\/uploads\/2016\/09\/mortgage.jpg","path":"\/var\/www\/sites\/wps\/sites\/code\/wp-content\/uploads\/2016\/09\/mortgage.jpg","size":"full","id":487,"alt":"","pixels":733200,"type":"image\/jpeg"}],"twitter_card":"summary","twitter_misc":{"Dur\u00e9e de lecture est.":"1 minute"},"schema":{"@context":"https:\/\/schema.org","@graph":[{"@type":"WebSite","@id":"https:\/\/trevornyers.ca\/#website","url":"https:\/\/trevornyers.ca\/","name":"Centres Hypoth\u00e9caires Dominion","description":"Just another WordPress site","potentialAction":[{"@type":"SearchAction","target":{"@type":"EntryPoint","urlTemplate":"https:\/\/trevornyers.ca\/?s={search_term_string}"},"query-input":"required name=search_term_string"}],"inLanguage":"fr-FR"},{"@type":"ImageObject","@id":"https:\/\/trevornyers.ca\/fr\/mortgages\/#primaryimage","inLanguage":"fr-FR","url":"https:\/\/trevornyers.ca\/wp-content\/uploads\/2016\/09\/mortgage.jpg","contentUrl":"https:\/\/trevornyers.ca\/wp-content\/uploads\/2016\/09\/mortgage.jpg","width":1200,"height":611},{"@type":"WebPage","@id":"https:\/\/trevornyers.ca\/fr\/mortgages\/#webpage","url":"https:\/\/trevornyers.ca\/fr\/mortgages\/","name":"Hypoth\u00e8ques R\u00e9sidentielles | North Bay | Trevor Nyers","isPartOf":{"@id":"https:\/\/trevornyers.ca\/#website"},"primaryImageOfPage":{"@id":"https:\/\/trevornyers.ca\/fr\/mortgages\/#primaryimage"},"datePublished":"2016-09-13T17:48:16+00:00","dateModified":"2025-05-13T14:16:42+00:00","description":"Explorez les options hypoth\u00e9caires avec Trevor Nyers \u00e0 North Bay. Des solutions personnalis\u00e9es pour tous vos besoins partout en Ontario.","breadcrumb":{"@id":"https:\/\/trevornyers.ca\/fr\/mortgages\/#breadcrumb"},"inLanguage":"fr-FR","potentialAction":[{"@type":"ReadAction","target":["https:\/\/trevornyers.ca\/fr\/mortgages\/"]}]},{"@type":"BreadcrumbList","@id":"https:\/\/trevornyers.ca\/fr\/mortgages\/#breadcrumb","itemListElement":[{"@type":"ListItem","position":1,"name":"Home","item":"https:\/\/trevornyers.ca\/fr\/"},{"@type":"ListItem","position":2,"name":"Mortgages"}]}]}},"_links":{"self":[{"href":"https:\/\/trevornyers.ca\/fr\/wp-json\/wp\/v2\/pages\/629"}],"collection":[{"href":"https:\/\/trevornyers.ca\/fr\/wp-json\/wp\/v2\/pages"}],"about":[{"href":"https:\/\/trevornyers.ca\/fr\/wp-json\/wp\/v2\/types\/page"}],"author":[{"embeddable":true,"href":"https:\/\/trevornyers.ca\/fr\/wp-json\/wp\/v2\/users\/1"}],"replies":[{"embeddable":true,"href":"https:\/\/trevornyers.ca\/fr\/wp-json\/wp\/v2\/comments?post=629"}],"version-history":[{"count":1,"href":"https:\/\/trevornyers.ca\/fr\/wp-json\/wp\/v2\/pages\/629\/revisions"}],"predecessor-version":[{"id":1343,"href":"https:\/\/trevornyers.ca\/fr\/wp-json\/wp\/v2\/pages\/629\/revisions\/1343"}],"wp:featuredmedia":[{"embeddable":true,"href":"https:\/\/trevornyers.ca\/fr\/wp-json\/wp\/v2\/media\/487"}],"wp:attachment":[{"href":"https:\/\/trevornyers.ca\/fr\/wp-json\/wp\/v2\/media?parent=629"}],"curies":[{"name":"wp","href":"https:\/\/api.w.org\/{rel}","templated":true}]}}